{"id":83,"date":"2023-03-18T03:47:37","date_gmt":"2023-03-18T00:47:37","guid":{"rendered":"https:\/\/focuseng.com.tr\/?page_id=83"},"modified":"2023-03-22T23:17:42","modified_gmt":"2023-03-22T20:17:42","slug":"farkli-sektorler-icin-ozel-tasarim-yapilar","status":"publish","type":"page","link":"https:\/\/focuseng.com.tr\/index.php\/urunler-hizmetler\/farkli-sektorler-icin-ozel-tasarim-yapilar\/","title":{"rendered":"FARKLI SEKT\u00d6RLER \u0130\u00c7\u0130N \u00d6ZEL TASARIM YAPILAR"},"content":{"rendered":"\n<p>Focus \u00c7elik Enerji M\u00fchendislik; farkl\u0131 sekt\u00f6rlere hizmet verecek, m\u00fc\u015fteri istek ve ihtiya\u00e7lar\u0131na g\u00f6re; meteoroloji direkleri, kamera direkleri, kamuflajl\u0131 direkler, paratoner direkleri, r\u00fczg\u00e2r \u00f6l\u00e7\u00fcm direkleri, radar direkleri, bayrak direkleri vb. direklerin tasar\u0131m ve \u00fcretimini ger\u00e7ekle\u015ftirmektedir.<\/p>\n\n\n\n<p>Focus \u00c7elik Enerji M\u00fchendislik; farkl\u0131 sekt\u00f6rlerdeki farkl\u0131 ama\u00e7 ve isteklere g\u00f6re, Radar Direkleri, Meteoroloji Direkleri, Kamera Direkleri, Kamuflajl\u0131 Direkler, Paratoner Direkleri, R\u00fczg\u00e2r \u00d6l\u00e7\u00fcm Direkleri, Bayrak Direkleri vb. gibi m\u00fc\u015fteri istek ve ihtiya\u00e7lar\u0131na g\u00f6re gerekli \u015fartnamelere uygun, uluslararas\u0131 standartlarda g\u00f6re farkl\u0131 ama\u00e7lara g\u00f6re hizmet verecek direklerin tasar\u0131m ve imalatlar\u0131n\u0131 fabrikam\u0131zda; EN 1090, ISO 9001, ISO 14001, ISO 45001\u2019den olu\u015fan b\u00fct\u00fcnle\u015fmi\u015f y\u00f6netim sistemi ve EN ISO 3834 ve EN 1090-1 kalite standartlar\u0131 normlar\u0131na uygun olarak galvanizli\/boyal\u0131 ve c\u0131vatal\u0131 veya kaynakl\u0131 olacak \u015fekilde tasar\u0131m ve \u00fcretimlerini yapmaktad\u0131r.<\/p>\n\n\n\n<figure class=\"wp-block-gallery has-nested-images columns-default is-cropped wp-block-gallery-1 is-layout-flex wp-block-gallery-is-layout-flex\">\n<figure class=\"wp-block-image size-full\"><img loading=\"lazy\" decoding=\"async\" width=\"466\" height=\"446\" data-id=\"227\" src=\"https:\/\/focuseng.com.tr\/wp-content\/uploads\/2023\/03\/SS_574.jpg\" alt=\"\" class=\"wp-image-227\" srcset=\"https:\/\/focuseng.com.tr\/wp-content\/uploads\/2023\/03\/SS_574.jpg 466w, https:\/\/focuseng.com.tr\/wp-content\/uploads\/2023\/03\/SS_574-300x287.jpg 300w\" sizes=\"auto, (max-width: 466px) 100vw, 466px\" \/><\/figure>\n\n\n\n<figure class=\"wp-block-image size-full\"><img loading=\"lazy\" decoding=\"async\" width=\"575\" height=\"589\" data-id=\"228\" src=\"https:\/\/focuseng.com.tr\/wp-content\/uploads\/2023\/03\/SS_573.jpg\" alt=\"\" class=\"wp-image-228\" srcset=\"https:\/\/focuseng.com.tr\/wp-content\/uploads\/2023\/03\/SS_573.jpg 575w, https:\/\/focuseng.com.tr\/wp-content\/uploads\/2023\/03\/SS_573-293x300.jpg 293w\" sizes=\"auto, (max-width: 575px) 100vw, 575px\" \/><\/figure>\n\n\n\n<figure class=\"wp-block-image size-full\"><img loading=\"lazy\" decoding=\"async\" width=\"555\" height=\"396\" data-id=\"229\" src=\"https:\/\/focuseng.com.tr\/wp-content\/uploads\/2023\/03\/SS_572.jpg\" alt=\"\" class=\"wp-image-229\" srcset=\"https:\/\/focuseng.com.tr\/wp-content\/uploads\/2023\/03\/SS_572.jpg 555w, https:\/\/focuseng.com.tr\/wp-content\/uploads\/2023\/03\/SS_572-300x214.jpg 300w\" sizes=\"auto, (max-width: 555px) 100vw, 555px\" \/><\/figure>\n\n\n\n<figure class=\"wp-block-image size-full\"><img loading=\"lazy\" decoding=\"async\" width=\"567\" height=\"586\" data-id=\"231\" src=\"https:\/\/focuseng.com.tr\/wp-content\/uploads\/2023\/03\/SS_571.jpg\" alt=\"\" class=\"wp-image-231\" srcset=\"https:\/\/focuseng.com.tr\/wp-content\/uploads\/2023\/03\/SS_571.jpg 567w, https:\/\/focuseng.com.tr\/wp-content\/uploads\/2023\/03\/SS_571-290x300.jpg 290w\" sizes=\"auto, (max-width: 567px) 100vw, 567px\" \/><\/figure>\n\n\n\n<figure class=\"wp-block-image size-full\"><img loading=\"lazy\" decoding=\"async\" width=\"730\" height=\"417\" data-id=\"232\" src=\"https:\/\/focuseng.com.tr\/wp-content\/uploads\/2023\/03\/SS_570.jpg\" alt=\"\" class=\"wp-image-232\" srcset=\"https:\/\/focuseng.com.tr\/wp-content\/uploads\/2023\/03\/SS_570.jpg 730w, https:\/\/focuseng.com.tr\/wp-content\/uploads\/2023\/03\/SS_570-300x171.jpg 300w\" sizes=\"auto, (max-width: 730px) 100vw, 730px\" \/><\/figure>\n\n\n\n<figure class=\"wp-block-image size-full\"><img loading=\"lazy\" decoding=\"async\" width=\"590\" height=\"342\" data-id=\"230\" src=\"https:\/\/focuseng.com.tr\/wp-content\/uploads\/2023\/03\/SS_569.jpg\" alt=\"\" class=\"wp-image-230\" srcset=\"https:\/\/focuseng.com.tr\/wp-content\/uploads\/2023\/03\/SS_569.jpg 590w, https:\/\/focuseng.com.tr\/wp-content\/uploads\/2023\/03\/SS_569-300x174.jpg 300w\" sizes=\"auto, (max-width: 590px) 100vw, 590px\" \/><\/figure>\n<\/figure>\n","protected":false},"excerpt":{"rendered":"<p>Focus \u00c7elik Enerji M\u00fchendislik; farkl\u0131 sekt\u00f6rlere hizmet verecek, m\u00fc\u015fteri istek ve ihtiya\u00e7lar\u0131na g\u00f6re; meteoroloji direkleri, kamera direkleri, kamuflajl\u0131 direkler, paratoner direkleri, r\u00fczg\u00e2r \u00f6l\u00e7\u00fcm direkleri, radar direkleri, bayrak direkleri vb. direklerin tasar\u0131m ve \u00fcretimini ger\u00e7ekle\u015ftirmektedir. Focus \u00c7elik Enerji M\u00fchendislik; farkl\u0131 sekt\u00f6rlerdeki farkl\u0131 ama\u00e7 ve isteklere g\u00f6re, Radar Direkleri, Meteoroloji Direkleri, Kamera Direkleri, Kamuflajl\u0131 Direkler, Paratoner Direkleri, [&hellip;]<\/p>\n","protected":false},"author":1,"featured_media":0,"parent":35,"menu_order":0,"comment_status":"closed","ping_status":"closed","template":"","meta":{"footnotes":""},"class_list":["post-83","page","type-page","status-publish","hentry"],"_links":{"self":[{"href":"https:\/\/focuseng.com.tr\/index.php\/wp-json\/wp\/v2\/pages\/83","targetHints":{"allow":["GET"]}}],"collection":[{"href":"https:\/\/focuseng.com.tr\/index.php\/wp-json\/wp\/v2\/pages"}],"about":[{"href":"https:\/\/focuseng.com.tr\/index.php\/wp-json\/wp\/v2\/types\/page"}],"author":[{"embeddable":true,"href":"https:\/\/focuseng.com.tr\/index.php\/wp-json\/wp\/v2\/users\/1"}],"replies":[{"embeddable":true,"href":"https:\/\/focuseng.com.tr\/index.php\/wp-json\/wp\/v2\/comments?post=83"}],"version-history":[{"count":2,"href":"https:\/\/focuseng.com.tr\/index.php\/wp-json\/wp\/v2\/pages\/83\/revisions"}],"predecessor-version":[{"id":233,"href":"https:\/\/focuseng.com.tr\/index.php\/wp-json\/wp\/v2\/pages\/83\/revisions\/233"}],"up":[{"embeddable":true,"href":"https:\/\/focuseng.com.tr\/index.php\/wp-json\/wp\/v2\/pages\/35"}],"wp:attachment":[{"href":"https:\/\/focuseng.com.tr\/index.php\/wp-json\/wp\/v2\/media?parent=83"}],"curies":[{"name":"wp","href":"https:\/\/api.w.org\/{rel}","templated":true}]}}