{"id":80,"date":"2023-03-18T03:46:53","date_gmt":"2023-03-18T00:46:53","guid":{"rendered":"https:\/\/focuseng.com.tr\/?page_id=80"},"modified":"2023-03-22T23:11:54","modified_gmt":"2023-03-22T20:11:54","slug":"anten-telekomunikasyon-direkleri","status":"publish","type":"page","link":"https:\/\/focuseng.com.tr\/index.php\/urunler-hizmetler\/anten-telekomunikasyon-direkleri\/","title":{"rendered":"ANTEN, TELEKOMUN\u0130KASYON D\u0130REKLER\u0130"},"content":{"rendered":"\n<p>Focus \u00c7elik Enerji M\u00fchendislik; anten ve telekom\u00fcnikasyon direklerini kafes \u00f6rme, t\u00fcb\u00fcler, monopol, lenteli direk ve\/veya m\u00fc\u015fteri \u00f6zel dizayn isteklerine g\u00f6re uluslararas\u0131 standartlara uygun olarak ve m\u00fc\u015fteri \u015fartnamelerine g\u00f6re tasar\u0131m ve \u00fcretimini yapmaktad\u0131r.<\/p>\n\n\n\n<p>Telekom\u00fcnikasyon direklerinde gerekli olabilecek yard\u0131mc\u0131 \u00fcr\u00fcnler olan anten ba\u011flama destek elemanlar\u0131, dinlenme ve ba\u011flant\u0131 platformlar\u0131, t\u0131rmanma merdivenleri, ya\u015fam hatt\u0131 sistemleri, u\u00e7ak ikaz sistemleri vb. imalatlar, Focus \u00c7elik Enerji M\u00fchendislik taraf\u0131ndan m\u00fc\u015fterilerinin istekleri do\u011frultusunda gerekli hizmetleri sunmaktad\u0131r.<\/p>\n\n\n\n<p>Telekom\u00fcnikasyon i\u00e7in gerekli antenleri ta\u015f\u0131yan \u00e7elik direklere Telekom\u00fcnikasyon Direkleri denmektedir. Telekom\u00fcnikasyon direkleri \u00f6zel dizayn isteklerine g\u00f6re uluslararas\u0131 standartlara uygun olarak ve m\u00fc\u015fteri \u015fartnamelerine g\u00f6re, tasar\u0131m ve \u00fcretimi Focus \u00c7elik Enerji M\u00fchendislik taraf\u0131ndan yap\u0131lmaktad\u0131r.<\/p>\n\n\n\n<p>Focus \u00c7elik Enerji M\u00fchendislik olarak Telekom\u00fcnikasyon Direklerini kullan\u0131m amac\u0131 ve tasar\u0131ma g\u00f6re,&nbsp;<\/p>\n\n\n\n<ul class=\"wp-block-list\">\n<li>Stub Beton Ayakl\u0131 veya Ankrajl\u0131 Ba\u011flant\u0131 ile zemine sabitlenen Kafes ve Monopol tipinde Telekom\u00fcnikasyon Direkleri; 3 yada 4 ayakl\u0131 k\u00f6\u015febent veya t\u00fcb\u00fcler \u00e7elik malzemelerden olu\u015fan c\u0131vatal\u0131 veya kaynakl\u0131 birle\u015fim olacak \u015fekilde kafes tip olarak, sac malzemenin b\u00fck\u00fclerek dairesel veya \u00e7okgen yap\u0131ya d\u00f6n\u00fc\u015f\u00fcm\u00fc sa\u011flanarak olu\u015fturulan monopol direk \u015feklinde imalat\u0131 yap\u0131lmaktad\u0131r.<\/li>\n<\/ul>\n\n\n\n<ul class=\"wp-block-list\">\n<li>\u00c7elik Halat Ba\u011flant\u0131l\u0131 (Lenteli) Telekom\u00fcnikasyon Direkleri;&nbsp; Bu tip direkler 3 veya 4 ayakl\u0131 kafes ya da dairesel yap\u0131da veya poligonal yap\u0131da olabilir. Bu yap\u0131 \u015fekillerinde tasarlanan direk olu\u015facak yanal y\u00fcklerin kar\u015f\u0131lanmas\u0131 i\u00e7in zemine \u00e7elik halatlarla ba\u011flanarak sabitlenir.<\/li>\n<\/ul>\n\n\n\n<ul class=\"wp-block-list\">\n<li>\u00c7at\u0131 \u00dczeri Telekom\u00fcnikasyon Direkleri; Bu tip direkler \u00e7o\u011funlukla binalar\u0131n \u00fczerine ankrajl\u0131 ba\u011flant\u0131 yap\u0131larak sabitlenecek \u015fekilde veya lenteli sabitleme \u015fekilde tasarlan\u0131r. \u00c7at\u0131 \u00dczeri Telekom\u00fcnikasyon Direkleri farkl\u0131 y\u00fcksekliklerde, farkl\u0131 \u015fekillerde c\u0131vatal\u0131 ve kaynakl\u0131 olarak tasarlanmaktad\u0131r.<\/li>\n<\/ul>\n\n\n\n<p>Televizyon ve\/veya Radyo Verici Direkleri; televizyon ve\/veya radyo verici antenlerinin \u00fczerine ba\u011flanacak \u015fekilde tasar\u0131mlar\u0131 yap\u0131lan direklerdir. Bu direkler 3 ve 4 ayakl\u0131 kafes tip c\u0131vatal\u0131 veya kaynakl\u0131 ba\u011flant\u0131l\u0131 olacak \u015fekilde Stub Beton Ayakl\u0131 veya Ankrajl\u0131 Ba\u011flant\u0131 ile zemine sabitlenen veya lenteli destekli ba\u011flant\u0131 olacak \u015fekilde fabrikam\u0131zda; EN 1090, ISO 9001, ISO 14001, ISO 45001\u2019den olu\u015fan b\u00fct\u00fcnle\u015fmi\u015f y\u00f6netim sistemi ve EN ISO 3834 ve EN 1090-1 kalite standartlar\u0131 normlar\u0131na uygun olarak galvanizli\/boyal\u0131 ve c\u0131vatal\u0131 veya kaynakl\u0131 olacak \u015fekilde tasar\u0131m ve \u00fcretimleri yap\u0131lmaktad\u0131r<\/p>\n\n\n\n<figure class=\"wp-block-gallery has-nested-images columns-default is-cropped wp-block-gallery-1 is-layout-flex wp-block-gallery-is-layout-flex\">\n<figure class=\"wp-block-image size-full\"><img loading=\"lazy\" decoding=\"async\" width=\"666\" height=\"506\" data-id=\"223\" src=\"https:\/\/focuseng.com.tr\/wp-content\/uploads\/2023\/03\/SS_568.jpg\" alt=\"\" class=\"wp-image-223\" srcset=\"https:\/\/focuseng.com.tr\/wp-content\/uploads\/2023\/03\/SS_568.jpg 666w, https:\/\/focuseng.com.tr\/wp-content\/uploads\/2023\/03\/SS_568-300x228.jpg 300w\" sizes=\"auto, (max-width: 666px) 100vw, 666px\" \/><\/figure>\n\n\n\n<figure class=\"wp-block-image size-full\"><img loading=\"lazy\" decoding=\"async\" width=\"339\" height=\"576\" data-id=\"224\" src=\"https:\/\/focuseng.com.tr\/wp-content\/uploads\/2023\/03\/SS_567.jpg\" alt=\"\" class=\"wp-image-224\" srcset=\"https:\/\/focuseng.com.tr\/wp-content\/uploads\/2023\/03\/SS_567.jpg 339w, https:\/\/focuseng.com.tr\/wp-content\/uploads\/2023\/03\/SS_567-177x300.jpg 177w\" sizes=\"auto, (max-width: 339px) 100vw, 339px\" \/><\/figure>\n\n\n\n<figure class=\"wp-block-image size-full\"><img loading=\"lazy\" decoding=\"async\" width=\"572\" height=\"582\" data-id=\"225\" src=\"https:\/\/focuseng.com.tr\/wp-content\/uploads\/2023\/03\/SS_566.jpg\" alt=\"\" class=\"wp-image-225\" srcset=\"https:\/\/focuseng.com.tr\/wp-content\/uploads\/2023\/03\/SS_566.jpg 572w, https:\/\/focuseng.com.tr\/wp-content\/uploads\/2023\/03\/SS_566-295x300.jpg 295w\" sizes=\"auto, (max-width: 572px) 100vw, 572px\" \/><\/figure>\n<\/figure>\n","protected":false},"excerpt":{"rendered":"<p>Focus \u00c7elik Enerji M\u00fchendislik; anten ve telekom\u00fcnikasyon direklerini kafes \u00f6rme, t\u00fcb\u00fcler, monopol, lenteli direk ve\/veya m\u00fc\u015fteri \u00f6zel dizayn isteklerine g\u00f6re uluslararas\u0131 standartlara uygun olarak ve m\u00fc\u015fteri \u015fartnamelerine g\u00f6re tasar\u0131m ve \u00fcretimini yapmaktad\u0131r. Telekom\u00fcnikasyon direklerinde gerekli olabilecek yard\u0131mc\u0131 \u00fcr\u00fcnler olan anten ba\u011flama destek elemanlar\u0131, dinlenme ve ba\u011flant\u0131 platformlar\u0131, t\u0131rmanma merdivenleri, ya\u015fam hatt\u0131 sistemleri, u\u00e7ak ikaz sistemleri [&hellip;]<\/p>\n","protected":false},"author":1,"featured_media":0,"parent":35,"menu_order":0,"comment_status":"closed","ping_status":"closed","template":"","meta":{"footnotes":""},"class_list":["post-80","page","type-page","status-publish","hentry"],"_links":{"self":[{"href":"https:\/\/focuseng.com.tr\/index.php\/wp-json\/wp\/v2\/pages\/80","targetHints":{"allow":["GET"]}}],"collection":[{"href":"https:\/\/focuseng.com.tr\/index.php\/wp-json\/wp\/v2\/pages"}],"about":[{"href":"https:\/\/focuseng.com.tr\/index.php\/wp-json\/wp\/v2\/types\/page"}],"author":[{"embeddable":true,"href":"https:\/\/focuseng.com.tr\/index.php\/wp-json\/wp\/v2\/users\/1"}],"replies":[{"embeddable":true,"href":"https:\/\/focuseng.com.tr\/index.php\/wp-json\/wp\/v2\/comments?post=80"}],"version-history":[{"count":2,"href":"https:\/\/focuseng.com.tr\/index.php\/wp-json\/wp\/v2\/pages\/80\/revisions"}],"predecessor-version":[{"id":226,"href":"https:\/\/focuseng.com.tr\/index.php\/wp-json\/wp\/v2\/pages\/80\/revisions\/226"}],"up":[{"embeddable":true,"href":"https:\/\/focuseng.com.tr\/index.php\/wp-json\/wp\/v2\/pages\/35"}],"wp:attachment":[{"href":"https:\/\/focuseng.com.tr\/index.php\/wp-json\/wp\/v2\/media?parent=80"}],"curies":[{"name":"wp","href":"https:\/\/api.w.org\/{rel}","templated":true}]}}