{"id":74,"date":"2023-03-18T03:45:12","date_gmt":"2023-03-18T00:45:12","guid":{"rendered":"https:\/\/focuseng.com.tr\/?page_id=74"},"modified":"2023-03-22T23:05:00","modified_gmt":"2023-03-22T20:05:00","slug":"enerji-iletim-ve-nakil-hatlari-direkleri","status":"publish","type":"page","link":"https:\/\/focuseng.com.tr\/index.php\/urunler-hizmetler\/enerji-iletim-ve-nakil-hatlari-direkleri\/","title":{"rendered":"ENERJ\u0130 \u0130LET\u0130M VE NAK\u0130L HATLARI D\u0130REKLER\u0130"},"content":{"rendered":"\n<p>Focus \u00c7elik Enerji M\u00fchendislik olarak, deneyimli proje ve \u00fcretim ekibi ve teknolojik makine park\u0131 sayesinde m\u00fc\u015fterilerinin belirledi\u011fi teknik \u00f6zelliklerde ve\/veya uluslararas\u0131 standartlara g\u00f6re galvanizli\/boyal\u0131 olarak, c\u0131vatal\u0131 \/ kaynakl\u0131 ba\u011flant\u0131l\u0131 olacak \u015fekilde kafes, dairesel veya poligon tiplerde direk tasar\u0131m\u0131 ve \u00fcretimi yapmaktad\u0131r.<\/p>\n\n\n\n<p>Talep edilen teknik \u00f6zelliklere g\u00f6re tasarlanan projelerin imalat resimleri, statik kontrolleri, imalat kartlar\u0131, Focus \u00c7elik Enerji M\u00fchendisli\u011fin m\u00fchendislik ekibi taraf\u0131ndan haz\u0131rlanmakta ve enerji iletim ve nakil hatlar\u0131 direklerinin ilk \u00f6rnek kurulumu, uygunluk kontrolleri firmam\u0131z m\u00fchendisleri taraf\u0131ndan yap\u0131lmaktad\u0131r.<\/p>\n\n\n\n<p>\u0130lgili direklerin imalatlar\u0131 fabrikam\u0131zda; EN 1090, ISO 9001, ISO 14001, ISO 45001\u2019den olu\u015fan b\u00fct\u00fcnle\u015fmi\u015f y\u00f6netim sistemi ve EN ISO 3834 ve EN 1090-1 kalite standartlar\u0131 normlar\u0131na uygun olarak yap\u0131lmaktad\u0131r.<\/p>\n\n\n\n<p>Enerji iletim ve Nakil Hatlar\u0131; kullan\u0131m ama\u00e7lar\u0131na g\u00f6re, kullan\u0131lacak b\u00f6lgenin iklim ve yer \u015fekil ko\u015fullar\u0131na g\u00f6re, , hatt\u0131n elektriksel kapasitesi ve gerilimine g\u00f6re farkl\u0131l\u0131k g\u00f6stermektedir.<\/p>\n\n\n\n<p>Gerilim S\u0131n\u0131f\u0131na G\u00f6re Direkler:<\/p>\n\n\n\n<ul class=\"wp-block-list\">\n<li>Al\u00e7ak Gerilim Direkleri: 1000 volt gerilime kadar kullan\u0131lan direklerdir.<\/li>\n\n\n\n<li>Orta Gerilim Direkleri: 1kV ile 34,5 kV gerilimleri aras\u0131nda kullan\u0131lan direklerdir.<\/li>\n\n\n\n<li>Y\u00fcksek Gerilim Direkleri: 34,5 kV ile 154 kV gerilimleri aras\u0131nda kullan\u0131lan direklerdir.<\/li>\n\n\n\n<li>\u00c7ok Y\u00fcksek Gerilim Direkleri: 154 kV ile 400 kV gerilimleri aras\u0131nda kullan\u0131lan direklerdir.<\/li>\n<\/ul>\n\n\n\n<p>Kullan\u0131m Amac\u0131na G\u00f6re Direkler:<\/p>\n\n\n\n<ul class=\"wp-block-list\">\n<li>Ta\u015f\u0131y\u0131c\u0131 Direkler<\/li>\n\n\n\n<li>K\u00f6\u015fede Ta\u015f\u0131y\u0131c\u0131 Direkler<\/li>\n\n\n\n<li>Durdurucu Direkler<\/li>\n\n\n\n<li>K\u00f6\u015fede Durdurucu Direkler<\/li>\n\n\n\n<li>Nihayet Direkleri<\/li>\n\n\n\n<li>Bran\u015fman Direkleri&nbsp;<\/li>\n<\/ul>\n\n\n\n<p>Olarak s\u0131n\u0131fland\u0131r\u0131l\u0131r.<\/p>\n\n\n\n<p>Kullan\u0131lacak B\u00f6lgenin \u0130klim ve Yer \u015eekil Ko\u015fullar\u0131na G\u00f6re Direkler:<\/p>\n\n\n\n<p>B\u00f6lgesel olarak r\u00fczg\u00e2r h\u0131zlar\u0131n\u0131n iletkenlerin \u00fczerinde olu\u015fturdu\u011fu y\u00fckler, kar ya\u011f\u0131\u015flar\u0131ndan kaynaklanan iletkenlerin \u00fczerinde olu\u015fturdu\u011fu y\u00fckler, buzlanmadan kaynaklanan iletkenlerin \u00fczerinde olu\u015fturdu\u011fu y\u00fckler dikkate al\u0131narak direklerin tasar\u0131m \u00f6zelliklerine direk se\u00e7imleri yap\u0131lmaktad\u0131r. B\u00f6lgenin arazi yap\u0131s\u0131 ve ko\u015fullar\u0131na g\u00f6re, se\u00e7ilen direklerin ara mesafelerine ve kullan\u0131lacak iletken tipinin sal\u0131n\u0131m yap\u0131s\u0131na g\u00f6re direklerin tasar\u0131m \u00f6zelliklerine g\u00f6re direk se\u00e7imleri yap\u0131lmal\u0131d\u0131r.<\/p>\n\n\n\n<p>Focus \u00c7elik Enerji ilgili ko\u015fullar ve ihtiya\u00e7lara g\u00f6re teknik \u00f6zelliklerde ve\/veya uluslararas\u0131 standartlara g\u00f6re galvanizli\/boyal\u0131 olarak, c\u0131vatal\u0131 veya kaynakl\u0131 ba\u011flant\u0131l\u0131 olacak \u015fekilde kafes, dairesel veya poligon tiplerde direk tasar\u0131m\u0131 ve \u00fcretimi yapmaktad\u0131r.<\/p>\n\n\n\n<figure class=\"wp-block-gallery has-nested-images columns-default is-cropped wp-block-gallery-1 is-layout-flex wp-block-gallery-is-layout-flex\">\n<figure class=\"wp-block-image size-large\"><img loading=\"lazy\" decoding=\"async\" width=\"752\" height=\"501\" data-id=\"216\" src=\"https:\/\/focuseng.com.tr\/wp-content\/uploads\/2023\/03\/SS_562.jpg\" alt=\"\" class=\"wp-image-216\" srcset=\"https:\/\/focuseng.com.tr\/wp-content\/uploads\/2023\/03\/SS_562.jpg 752w, https:\/\/focuseng.com.tr\/wp-content\/uploads\/2023\/03\/SS_562-300x200.jpg 300w\" sizes=\"auto, (max-width: 752px) 100vw, 752px\" \/><\/figure>\n\n\n\n<figure class=\"wp-block-image size-large\"><img loading=\"lazy\" decoding=\"async\" width=\"596\" height=\"601\" data-id=\"214\" src=\"https:\/\/focuseng.com.tr\/wp-content\/uploads\/2023\/03\/SS_561.jpg\" alt=\"\" class=\"wp-image-214\" srcset=\"https:\/\/focuseng.com.tr\/wp-content\/uploads\/2023\/03\/SS_561.jpg 596w, https:\/\/focuseng.com.tr\/wp-content\/uploads\/2023\/03\/SS_561-298x300.jpg 298w, https:\/\/focuseng.com.tr\/wp-content\/uploads\/2023\/03\/SS_561-150x150.jpg 150w\" sizes=\"auto, (max-width: 596px) 100vw, 596px\" \/><\/figure>\n\n\n\n<figure class=\"wp-block-image size-large\"><img loading=\"lazy\" decoding=\"async\" width=\"459\" height=\"582\" data-id=\"215\" src=\"https:\/\/focuseng.com.tr\/wp-content\/uploads\/2023\/03\/SS_560.jpg\" alt=\"\" class=\"wp-image-215\" srcset=\"https:\/\/focuseng.com.tr\/wp-content\/uploads\/2023\/03\/SS_560.jpg 459w, https:\/\/focuseng.com.tr\/wp-content\/uploads\/2023\/03\/SS_560-237x300.jpg 237w\" sizes=\"auto, (max-width: 459px) 100vw, 459px\" \/><\/figure>\n<\/figure>\n","protected":false},"excerpt":{"rendered":"<p>Focus \u00c7elik Enerji M\u00fchendislik olarak, deneyimli proje ve \u00fcretim ekibi ve teknolojik makine park\u0131 sayesinde m\u00fc\u015fterilerinin belirledi\u011fi teknik \u00f6zelliklerde ve\/veya uluslararas\u0131 standartlara g\u00f6re galvanizli\/boyal\u0131 olarak, c\u0131vatal\u0131 \/ kaynakl\u0131 ba\u011flant\u0131l\u0131 olacak \u015fekilde kafes, dairesel veya poligon tiplerde direk tasar\u0131m\u0131 ve \u00fcretimi yapmaktad\u0131r. Talep edilen teknik \u00f6zelliklere g\u00f6re tasarlanan projelerin imalat resimleri, statik kontrolleri, imalat kartlar\u0131, Focus [&hellip;]<\/p>\n","protected":false},"author":1,"featured_media":0,"parent":35,"menu_order":0,"comment_status":"closed","ping_status":"closed","template":"","meta":{"footnotes":""},"class_list":["post-74","page","type-page","status-publish","hentry"],"_links":{"self":[{"href":"https:\/\/focuseng.com.tr\/index.php\/wp-json\/wp\/v2\/pages\/74","targetHints":{"allow":["GET"]}}],"collection":[{"href":"https:\/\/focuseng.com.tr\/index.php\/wp-json\/wp\/v2\/pages"}],"about":[{"href":"https:\/\/focuseng.com.tr\/index.php\/wp-json\/wp\/v2\/types\/page"}],"author":[{"embeddable":true,"href":"https:\/\/focuseng.com.tr\/index.php\/wp-json\/wp\/v2\/users\/1"}],"replies":[{"embeddable":true,"href":"https:\/\/focuseng.com.tr\/index.php\/wp-json\/wp\/v2\/comments?post=74"}],"version-history":[{"count":3,"href":"https:\/\/focuseng.com.tr\/index.php\/wp-json\/wp\/v2\/pages\/74\/revisions"}],"predecessor-version":[{"id":218,"href":"https:\/\/focuseng.com.tr\/index.php\/wp-json\/wp\/v2\/pages\/74\/revisions\/218"}],"up":[{"embeddable":true,"href":"https:\/\/focuseng.com.tr\/index.php\/wp-json\/wp\/v2\/pages\/35"}],"wp:attachment":[{"href":"https:\/\/focuseng.com.tr\/index.php\/wp-json\/wp\/v2\/media?parent=74"}],"curies":[{"name":"wp","href":"https:\/\/api.w.org\/{rel}","templated":true}]}}