{"id":159,"date":"2023-03-22T22:26:52","date_gmt":"2023-03-22T19:26:52","guid":{"rendered":"https:\/\/focuseng.com.tr\/?page_id=159"},"modified":"2023-03-22T23:00:07","modified_gmt":"2023-03-22T20:00:07","slug":"ana-sayfa","status":"publish","type":"page","link":"https:\/\/focuseng.com.tr\/","title":{"rendered":"FOCUS \u00c7EL\u0130K ENERJ\u0130"},"content":{"rendered":"\t\t<div data-elementor-type=\"wp-page\" data-elementor-id=\"159\" class=\"elementor elementor-159\">\n\t\t\t\t\t\t\t\t\t<section class=\"elementor-section elementor-top-section elementor-element elementor-element-9d7fa82 elementor-section-boxed elementor-section-height-default elementor-section-height-default\" data-id=\"9d7fa82\" data-element_type=\"section\">\n\t\t\t\t\t\t<div class=\"elementor-container elementor-column-gap-default\">\n\t\t\t\t\t<div class=\"elementor-column elementor-col-100 elementor-top-column elementor-element elementor-element-10e8bf93\" data-id=\"10e8bf93\" data-element_type=\"column\">\n\t\t\t<div class=\"elementor-widget-wrap elementor-element-populated\">\n\t\t\t\t\t\t\t\t<div class=\"elementor-element elementor-element-7f6c0353 elementor-widget elementor-widget-text-editor\" data-id=\"7f6c0353\" data-element_type=\"widget\" data-widget_type=\"text-editor.default\">\n\t\t\t\t<div class=\"elementor-widget-container\">\n\t\t\t<style>\/*! elementor - v3.11.5 - 14-03-2023 *\/\n.elementor-widget-text-editor.elementor-drop-cap-view-stacked .elementor-drop-cap{background-color:#818a91;color:#fff}.elementor-widget-text-editor.elementor-drop-cap-view-framed .elementor-drop-cap{color:#818a91;border:3px solid;background-color:transparent}.elementor-widget-text-editor:not(.elementor-drop-cap-view-default) .elementor-drop-cap{margin-top:8px}.elementor-widget-text-editor:not(.elementor-drop-cap-view-default) .elementor-drop-cap-letter{width:1em;height:1em}.elementor-widget-text-editor .elementor-drop-cap{float:left;text-align:center;line-height:1;font-size:50px}.elementor-widget-text-editor .elementor-drop-cap-letter{display:inline-block}<\/style>\t\t\t\t<p><!-- wp:paragraph --><\/p>\n<p>Focus \u00c7elik Enerji M\u00fchendislik;<\/p>\n<p><!-- \/wp:paragraph --><\/p>\n<p><!-- wp:paragraph --><\/p>\n<p>Sekt\u00f6rde uzun y\u0131llar s\u00fcren engin m\u00fchendislik, imalat ve proje hizmetleri tecr\u00fcbesi sonras\u0131 firmam\u0131z 2022 y\u0131l\u0131nda Kahramankazan\/Ankara da kurulmu\u015ftur. Firmam\u0131z, yurt d\u0131\u015f\u0131 ve yurt i\u00e7inde verilen hizmetler \u0131\u015f\u0131\u011f\u0131nda, kalite ve d\u00fcr\u00fcstl\u00fc\u011f\u00fc ilke edinerek, m\u00fc\u015fterilerimizin \u0130htiya\u00e7 ve taleplerini belirlenen s\u00fcrede, eksiksiz ve hatas\u0131z \u00fcretmek, gerekli olan makine ve donan\u0131m altyap\u0131s\u0131n\u0131 g\u00fcncel teknoloji ile sentezleyerek, uygun ve verimli \u00e7al\u0131\u015fma ko\u015fullar\u0131 ile de\u011ferli m\u00fc\u015fterilerimize hizmet sunmay\u0131 ama\u00e7lamaktad\u0131r.<\/p>\n<p><!-- \/wp:gallery --><\/p>\t\t\t\t\t\t<\/div>\n\t\t\t\t<\/div>\n\t\t\t\t\t<\/div>\n\t\t<\/div>\n\t\t\t\t\t\t\t<\/div>\n\t\t<\/section>\n\t\t\t\t<section class=\"elementor-section elementor-top-section elementor-element elementor-element-b0930b8 elementor-section-boxed elementor-section-height-default elementor-section-height-default\" data-id=\"b0930b8\" data-element_type=\"section\">\n\t\t\t\t\t\t<div class=\"elementor-container elementor-column-gap-default\">\n\t\t\t\t\t<div class=\"elementor-column elementor-col-100 elementor-top-column elementor-element elementor-element-3fca52f\" data-id=\"3fca52f\" data-element_type=\"column\">\n\t\t\t<div class=\"elementor-widget-wrap elementor-element-populated\">\n\t\t\t\t\t\t\t\t<div class=\"elementor-element elementor-element-f299d3b elementor-widget elementor-widget-image-gallery\" data-id=\"f299d3b\" data-element_type=\"widget\" data-widget_type=\"image-gallery.default\">\n\t\t\t\t<div class=\"elementor-widget-container\">\n\t\t\t<style>\/*! elementor - v3.11.5 - 14-03-2023 *\/\n.elementor-image-gallery .gallery-item{display:inline-block;text-align:center;vertical-align:top;width:100%;max-width:100%;margin:0 auto}.elementor-image-gallery .gallery-item img{margin:0 auto}.elementor-image-gallery .gallery-item .gallery-caption{margin:0}.elementor-image-gallery figure img{display:block}.elementor-image-gallery figure figcaption{width:100%}.gallery-spacing-custom .elementor-image-gallery .gallery-icon{padding:0}@media (min-width:768px){.elementor-image-gallery .gallery-columns-2 .gallery-item{max-width:50%}.elementor-image-gallery .gallery-columns-3 .gallery-item{max-width:33.33%}.elementor-image-gallery .gallery-columns-4 .gallery-item{max-width:25%}.elementor-image-gallery .gallery-columns-5 .gallery-item{max-width:20%}.elementor-image-gallery .gallery-columns-6 .gallery-item{max-width:16.666%}.elementor-image-gallery .gallery-columns-7 .gallery-item{max-width:14.28%}.elementor-image-gallery .gallery-columns-8 .gallery-item{max-width:12.5%}.elementor-image-gallery .gallery-columns-9 .gallery-item{max-width:11.11%}.elementor-image-gallery .gallery-columns-10 .gallery-item{max-width:10%}}@media (min-width:480px) and (max-width:767px){.elementor-image-gallery .gallery.gallery-columns-2 .gallery-item,.elementor-image-gallery .gallery.gallery-columns-3 .gallery-item,.elementor-image-gallery .gallery.gallery-columns-4 .gallery-item,.elementor-image-gallery .gallery.gallery-columns-5 .gallery-item,.elementor-image-gallery .gallery.gallery-columns-6 .gallery-item,.elementor-image-gallery .gallery.gallery-columns-7 .gallery-item,.elementor-image-gallery .gallery.gallery-columns-8 .gallery-item,.elementor-image-gallery .gallery.gallery-columns-9 .gallery-item,.elementor-image-gallery .gallery.gallery-columns-10 .gallery-item{max-width:50%}}@media (max-width:479px){.elementor-image-gallery .gallery.gallery-columns-2 .gallery-item,.elementor-image-gallery .gallery.gallery-columns-3 .gallery-item,.elementor-image-gallery .gallery.gallery-columns-4 .gallery-item,.elementor-image-gallery .gallery.gallery-columns-5 .gallery-item,.elementor-image-gallery .gallery.gallery-columns-6 .gallery-item,.elementor-image-gallery .gallery.gallery-columns-7 .gallery-item,.elementor-image-gallery .gallery.gallery-columns-8 .gallery-item,.elementor-image-gallery .gallery.gallery-columns-9 .gallery-item,.elementor-image-gallery .gallery.gallery-columns-10 .gallery-item{max-width:100%}}<\/style>\t\t<div class=\"elementor-image-gallery\">\n\t\t\t<div id='gallery-1' class='gallery galleryid-159 gallery-columns-5 gallery-size-medium'><figure class='gallery-item'>\n\t\t\t<div class='gallery-icon portrait'>\n\t\t\t\t<a data-elementor-open-lightbox=\"yes\" data-elementor-lightbox-slideshow=\"f299d3b\" data-elementor-lightbox-title=\"SS_556\" data-e-action-hash=\"#elementor-action%3Aaction%3Dlightbox%26settings%3DeyJpZCI6MTg3LCJ1cmwiOiJodHRwczpcL1wvZm9jdXNlbmcuY29tLnRyXC93cC1jb250ZW50XC91cGxvYWRzXC8yMDIzXC8wM1wvU1NfNTU2LTEuanBnIiwic2xpZGVzaG93IjoiZjI5OWQzYiJ9\" href='https:\/\/focuseng.com.tr\/wp-content\/uploads\/2023\/03\/SS_556-1.jpg'><img loading=\"lazy\" decoding=\"async\" width=\"227\" height=\"300\" src=\"https:\/\/focuseng.com.tr\/wp-content\/uploads\/2023\/03\/SS_556-1-227x300.jpg\" class=\"attachment-medium size-medium\" alt=\"\" srcset=\"https:\/\/focuseng.com.tr\/wp-content\/uploads\/2023\/03\/SS_556-1-227x300.jpg 227w, https:\/\/focuseng.com.tr\/wp-content\/uploads\/2023\/03\/SS_556-1.jpg 437w\" sizes=\"auto, (max-width: 227px) 100vw, 227px\" \/><\/a>\n\t\t\t<\/div><\/figure><figure class='gallery-item'>\n\t\t\t<div class='gallery-icon portrait'>\n\t\t\t\t<a data-elementor-open-lightbox=\"yes\" data-elementor-lightbox-slideshow=\"f299d3b\" data-elementor-lightbox-title=\"SS_555\" data-e-action-hash=\"#elementor-action%3Aaction%3Dlightbox%26settings%3DeyJpZCI6MTg4LCJ1cmwiOiJodHRwczpcL1wvZm9jdXNlbmcuY29tLnRyXC93cC1jb250ZW50XC91cGxvYWRzXC8yMDIzXC8wM1wvU1NfNTU1LTEuanBnIiwic2xpZGVzaG93IjoiZjI5OWQzYiJ9\" href='https:\/\/focuseng.com.tr\/wp-content\/uploads\/2023\/03\/SS_555-1.jpg'><img loading=\"lazy\" decoding=\"async\" width=\"90\" height=\"300\" src=\"https:\/\/focuseng.com.tr\/wp-content\/uploads\/2023\/03\/SS_555-1-90x300.jpg\" class=\"attachment-medium size-medium\" alt=\"\" srcset=\"https:\/\/focuseng.com.tr\/wp-content\/uploads\/2023\/03\/SS_555-1-90x300.jpg 90w, https:\/\/focuseng.com.tr\/wp-content\/uploads\/2023\/03\/SS_555-1.jpg 145w\" sizes=\"auto, (max-width: 90px) 100vw, 90px\" \/><\/a>\n\t\t\t<\/div><\/figure><figure class='gallery-item'>\n\t\t\t<div class='gallery-icon portrait'>\n\t\t\t\t<a data-elementor-open-lightbox=\"yes\" data-elementor-lightbox-slideshow=\"f299d3b\" data-elementor-lightbox-title=\"SS_554\" data-e-action-hash=\"#elementor-action%3Aaction%3Dlightbox%26settings%3DeyJpZCI6MTg5LCJ1cmwiOiJodHRwczpcL1wvZm9jdXNlbmcuY29tLnRyXC93cC1jb250ZW50XC91cGxvYWRzXC8yMDIzXC8wM1wvU1NfNTU0LTEuanBnIiwic2xpZGVzaG93IjoiZjI5OWQzYiJ9\" href='https:\/\/focuseng.com.tr\/wp-content\/uploads\/2023\/03\/SS_554-1.jpg'><img loading=\"lazy\" decoding=\"async\" width=\"147\" height=\"300\" src=\"https:\/\/focuseng.com.tr\/wp-content\/uploads\/2023\/03\/SS_554-1-147x300.jpg\" class=\"attachment-medium size-medium\" alt=\"\" srcset=\"https:\/\/focuseng.com.tr\/wp-content\/uploads\/2023\/03\/SS_554-1-147x300.jpg 147w, https:\/\/focuseng.com.tr\/wp-content\/uploads\/2023\/03\/SS_554-1.jpg 221w\" sizes=\"auto, (max-width: 147px) 100vw, 147px\" \/><\/a>\n\t\t\t<\/div><\/figure><figure class='gallery-item'>\n\t\t\t<div class='gallery-icon portrait'>\n\t\t\t\t<a data-elementor-open-lightbox=\"yes\" data-elementor-lightbox-slideshow=\"f299d3b\" data-elementor-lightbox-title=\"SS_553\" data-e-action-hash=\"#elementor-action%3Aaction%3Dlightbox%26settings%3DeyJpZCI6MTkwLCJ1cmwiOiJodHRwczpcL1wvZm9jdXNlbmcuY29tLnRyXC93cC1jb250ZW50XC91cGxvYWRzXC8yMDIzXC8wM1wvU1NfNTUzLTEuanBnIiwic2xpZGVzaG93IjoiZjI5OWQzYiJ9\" href='https:\/\/focuseng.com.tr\/wp-content\/uploads\/2023\/03\/SS_553-1.jpg'><img loading=\"lazy\" decoding=\"async\" width=\"169\" height=\"300\" src=\"https:\/\/focuseng.com.tr\/wp-content\/uploads\/2023\/03\/SS_553-1-169x300.jpg\" class=\"attachment-medium size-medium\" alt=\"\" srcset=\"https:\/\/focuseng.com.tr\/wp-content\/uploads\/2023\/03\/SS_553-1-169x300.jpg 169w, https:\/\/focuseng.com.tr\/wp-content\/uploads\/2023\/03\/SS_553-1.jpg 276w\" sizes=\"auto, (max-width: 169px) 100vw, 169px\" \/><\/a>\n\t\t\t<\/div><\/figure><figure class='gallery-item'>\n\t\t\t<div class='gallery-icon landscape'>\n\t\t\t\t<a data-elementor-open-lightbox=\"yes\" data-elementor-lightbox-slideshow=\"f299d3b\" data-elementor-lightbox-title=\"SS_552\" data-e-action-hash=\"#elementor-action%3Aaction%3Dlightbox%26settings%3DeyJpZCI6MTkxLCJ1cmwiOiJodHRwczpcL1wvZm9jdXNlbmcuY29tLnRyXC93cC1jb250ZW50XC91cGxvYWRzXC8yMDIzXC8wM1wvU1NfNTUyLTEuanBnIiwic2xpZGVzaG93IjoiZjI5OWQzYiJ9\" href='https:\/\/focuseng.com.tr\/wp-content\/uploads\/2023\/03\/SS_552-1.jpg'><img loading=\"lazy\" decoding=\"async\" width=\"300\" height=\"197\" src=\"https:\/\/focuseng.com.tr\/wp-content\/uploads\/2023\/03\/SS_552-1-300x197.jpg\" class=\"attachment-medium size-medium\" alt=\"\" srcset=\"https:\/\/focuseng.com.tr\/wp-content\/uploads\/2023\/03\/SS_552-1-300x197.jpg 300w, https:\/\/focuseng.com.tr\/wp-content\/uploads\/2023\/03\/SS_552-1.jpg 728w\" sizes=\"auto, (max-width: 300px) 100vw, 300px\" \/><\/a>\n\t\t\t<\/div><\/figure>\n\t\t<\/div>\n\t\t<\/div>\n\t\t\t\t<\/div>\n\t\t\t\t<\/div>\n\t\t\t\t\t<\/div>\n\t\t<\/div>\n\t\t\t\t\t\t\t<\/div>\n\t\t<\/section>\n\t\t\t\t\t\t\t<\/div>\n\t\t","protected":false},"excerpt":{"rendered":"<p>Focus \u00c7elik Enerji M\u00fchendislik; Sekt\u00f6rde uzun y\u0131llar s\u00fcren engin m\u00fchendislik, imalat ve proje hizmetleri tecr\u00fcbesi sonras\u0131 firmam\u0131z 2022 y\u0131l\u0131nda Kahramankazan\/Ankara da kurulmu\u015ftur. Firmam\u0131z, yurt d\u0131\u015f\u0131 ve yurt i\u00e7inde verilen hizmetler \u0131\u015f\u0131\u011f\u0131nda, kalite ve d\u00fcr\u00fcstl\u00fc\u011f\u00fc ilke edinerek, m\u00fc\u015fterilerimizin \u0130htiya\u00e7 ve taleplerini belirlenen s\u00fcrede, eksiksiz ve hatas\u0131z \u00fcretmek, gerekli olan makine ve donan\u0131m altyap\u0131s\u0131n\u0131 g\u00fcncel teknoloji ile [&hellip;]<\/p>\n","protected":false},"author":1,"featured_media":0,"parent":0,"menu_order":0,"comment_status":"closed","ping_status":"closed","template":"","meta":{"footnotes":""},"class_list":["post-159","page","type-page","status-publish","hentry"],"_links":{"self":[{"href":"https:\/\/focuseng.com.tr\/index.php\/wp-json\/wp\/v2\/pages\/159","targetHints":{"allow":["GET"]}}],"collection":[{"href":"https:\/\/focuseng.com.tr\/index.php\/wp-json\/wp\/v2\/pages"}],"about":[{"href":"https:\/\/focuseng.com.tr\/index.php\/wp-json\/wp\/v2\/types\/page"}],"author":[{"embeddable":true,"href":"https:\/\/focuseng.com.tr\/index.php\/wp-json\/wp\/v2\/users\/1"}],"replies":[{"embeddable":true,"href":"https:\/\/focuseng.com.tr\/index.php\/wp-json\/wp\/v2\/comments?post=159"}],"version-history":[{"count":22,"href":"https:\/\/focuseng.com.tr\/index.php\/wp-json\/wp\/v2\/pages\/159\/revisions"}],"predecessor-version":[{"id":209,"href":"https:\/\/focuseng.com.tr\/index.php\/wp-json\/wp\/v2\/pages\/159\/revisions\/209"}],"wp:attachment":[{"href":"https:\/\/focuseng.com.tr\/index.php\/wp-json\/wp\/v2\/media?parent=159"}],"curies":[{"name":"wp","href":"https:\/\/api.w.org\/{rel}","templated":true}]}}